{"id":1548,"date":"2018-07-04T15:28:16","date_gmt":"2018-07-04T15:28:16","guid":{"rendered":"http:\/\/kanel.ee\/?page_id=1548"},"modified":"2018-07-16T13:58:45","modified_gmt":"2018-07-16T13:58:45","slug":"ettevotest","status":"publish","type":"page","link":"https:\/\/kanel.ee\/ru\/ettevotest\/","title":{"rendered":"\u041e \u043a\u043e\u043c\u043f\u0430\u043d\u0438\u0438"},"content":{"rendered":"<div class=\"vc_row wpb_row vc_row-fluid\"><div class=\"wpb_column vc_column_container vc_col-sm-6\"><div class=\"vc_column-inner vc_custom_1530299336997\"><div class=\"wpb_wrapper\">\n\t<div  class=\"wpb_single_image wpb_content_element vc_align_center\">\n\t\t\n\t\t<figure class=\"wpb_wrapper vc_figure\">\n\t\t\t<div class=\"vc_single_image-wrapper vc_box_rounded  vc_box_border_grey\"><img loading=\"lazy\" decoding=\"async\" width=\"1000\" height=\"720\" src=\"https:\/\/kanel.ee\/wp-content\/uploads\/2018\/06\/onas5_com.jpg\" class=\"vc_single_image-img attachment-full\" alt=\"\" title=\"onas5_com\" srcset=\"https:\/\/kanel.ee\/wp-content\/uploads\/2018\/06\/onas5_com.jpg 1000w, https:\/\/kanel.ee\/wp-content\/uploads\/2018\/06\/onas5_com-300x216.jpg 300w, https:\/\/kanel.ee\/wp-content\/uploads\/2018\/06\/onas5_com-768x553.jpg 768w\" sizes=\"auto, (max-width: 1000px) 100vw, 1000px\"  data-dt-location=\"https:\/\/kanel.ee\/ru\/o-nas\/attachment\/onas5_com\/\" \/><\/div>\n\t\t<\/figure>\n\t<\/div>\n<\/div><\/div><\/div><div class=\"wpb_column vc_column_container vc_col-sm-6 vc_col-has-fill\"><div class=\"vc_column-inner vc_custom_1530299346404\"><div class=\"wpb_wrapper\">\n\t<div class=\"wpb_text_column wpb_content_element\" >\n\t\t<div class=\"wpb_wrapper\">\n\t\t\t<p style=\"text-align: justify;\" class=\"translation-block\">\u0418\u0441\u0442\u043e\u0440\u0438\u044f \u043d\u0430\u0448\u0435\u0439 \u043c\u0430\u0441\u0442\u0435\u0440\u0441\u043a\u043e\u0439 \u043d\u0430\u0447\u0438\u043d\u0430\u0435\u0442\u0441\u044f \u0432 1998 \u0433\u043e\u0434\u0443. \u0422\u043e\u0433\u0434\u0430 \u043e\u043d\u0430 \u043d\u0430\u0445\u043e\u0434\u0438\u043b\u0430\u0441\u044c \u043d\u0430 \u041f\u0438\u0442\u0435\u0440\u0441\u043a\u043e\u043c \u0448\u043e\u0441\u0441\u0435, \u043a\u0430\u043a \u0433\u043e\u0432\u043e\u0440\u0438\u043b\u0438 \u201c\u043f\u043e\u0434 \u0430\u0440\u043a\u043e\u0439\u201d \u0438\u043b\u0438 \u043e\u043a\u043e\u043b\u043e \u0445\u043e\u043b\u043e\u0434\u0438\u043b\u044c\u043d\u0438\u043a\u0430. \u041f\u043e\u0442\u043e\u043c \u0432\u043e \u0434\u0432\u043e\u0440\u0435 \u043d\u0430 \u0432\u0442\u043e\u0440\u043e\u043c \u044d\u0442\u0430\u0436\u0435 \u0437\u0430 \u043c\u0430\u0433\u0438\u043d\u043e\u043a\u0441\u043e\u043c. <br>\n\u0421\u0435\u0439\u0447\u0430\u0441 \u043c\u044b \u0438\u043c\u0435\u0435\u043c \u0433\u0430\u0440\u0430\u0436 \u0441 \u0432\u043e\u0437\u043c\u043e\u0436\u043d\u043e\u0441\u0442\u044c\u044e \u043e\u0436\u0438\u0432\u043b\u044f\u0442\u044c \u043d\u0435\u0441\u043a\u043e\u043b\u044c\u043a\u043e \u0430\u0432\u0442\u043e\u043c\u043e\u0431\u0438\u043b\u0435\u0439 \u043e\u0434\u043d\u043e\u0432\u0440\u0435\u043c\u0435\u043d\u043d\u043e.  \u041d\u0430 \u043f\u0440\u043e\u0442\u044f\u0436\u0435\u043d\u0438\u0438 \u0432\u0441\u0435\u0433\u043e \u0432\u0440\u0435\u043c\u0435\u043d\u0438 \u0441\u0443\u0449\u0435\u0441\u0442\u0432\u043e\u0432\u0430\u043d\u0438\u044f \u043c\u044b \u0441\u0442\u0430\u0440\u0430\u0435\u043c\u0441\u044f \u0443\u043b\u0443\u0447\u0448\u0430\u0442\u044c \u043a\u0430\u0447\u0435\u0441\u0442\u0432\u043e \u0440\u0435\u043c\u043e\u043d\u0442\u0430 \u0438 \u043e\u0431\u0441\u043b\u0443\u0436\u0438\u0432\u0430\u043d\u0438\u044f.<br>\n\u0423\u0432\u0435\u043b\u0438\u0447\u0438\u0432\u0430\u0435\u043c \u0441\u043a\u043b\u0430\u0434, \u043f\u0440\u0435\u0434\u043b\u0430\u0433\u0430\u0435\u043c \u043d\u043e\u0432\u044b\u0435 \u0443\u0441\u043b\u0443\u0433\u0438, \u0442\u0430\u043a\u0438\u0435 \u043a\u0430\u043a \u0441\u043d\u044f\u0442\u0438\u0435 \u0438 \u0443\u0441\u0442\u0430\u043d\u043e\u0432\u043a\u0430 \u0430\u0433\u0440\u0435\u0433\u0430\u0442\u043e\u0432, \u044d\u043b\u0435\u043a\u0442\u0440\u043e \u0440\u0430\u0431\u043e\u0442\u044b \u043d\u0430 \u0430\u0432\u0442\u043e\u043c\u043e\u0431\u0438\u043b\u0435. <br>\n\u041f\u043e\u0441\u0442\u043e\u044f\u043d\u043d\u043e \u0441\u043e\u0432\u0435\u0440\u0448\u0435\u043d\u0441\u0442\u0432\u0443\u0435\u043c\u0441\u044f \u0438 \u0443\u0447\u0438\u043c\u0441\u044f. \u041e\u0442\u0441\u043b\u0435\u0436\u0438\u0432\u0430\u0435\u043c \u0432\u0441\u0435 \u0441\u043e\u0432\u0440\u0435\u043c\u0435\u043d\u043d\u044b\u0435 \u0440\u0430\u0437\u0440\u0430\u0431\u043e\u0442\u043a\u0438 \u0438 \u043d\u043e\u0432\u043e\u0432\u0432\u0435\u0434\u0435\u043d\u0438\u044f \u043c\u0438\u0440\u043e\u0432\u043e\u0433\u043e \u0430\u0432\u0442\u043e\u043f\u0440\u043e\u043c\u0430, \u043a\u043e\u0440\u043e\u0447\u0435 \u00ab\u0434\u0435\u0440\u0436\u0438\u043c \u0440\u0443\u043a\u0443 \u043d\u0430 \u043f\u0443\u043b\u044c\u0441\u0435\u00bb. <br>\n\u041c\u044b \u0431\u044b\u043b\u0438 \u043f\u0435\u0440\u0432\u043e\u0439 \u043c\u0430\u0441\u0442\u0435\u0440\u0441\u043a\u043e\u0439 \u0432 \u042d\u0441\u0442\u043e\u043d\u0438\u0438, \u043a\u043e\u0442\u043e\u0440\u0430\u044f \u0441\u0442\u0430\u043b\u0430 \u0438\u0441\u043f\u043e\u043b\u044c\u0437\u043e\u0432\u0430\u0442\u044c \u0441\u043f\u0435\u0446\u0438\u0430\u043b\u044c\u043d\u043e\u0435 \u043e\u0431\u043e\u0440\u0443\u0434\u043e\u0432\u0430\u043d\u0438\u0435 \u0434\u043b\u044f \u043f\u0440\u043e\u0432\u0435\u0440\u043a\u0438 \u0433\u0435\u043d\u0435\u0440\u0430\u0442\u043e\u0440\u043e\u0432 \u0441 \u0440\u0435\u0433\u0443\u043b\u044f\u0442\u043e\u0440\u0430\u043c\u0438 \u043d\u0430\u043f\u0440\u044f\u0436\u0435\u043d\u0438\u044f, \u043a\u043e\u0442\u043e\u0440\u044b\u0435 \u0438\u0441\u043f\u043e\u043b\u044c\u0437\u0443\u044e\u0442 COM \u043f\u0440\u043e\u0442\u043e\u043a\u043e\u043b\u044b BSD (Bit Serial Device), BSS (Bit Synchronized Signal) \u0438 LIN (Local Interconnect Network). <br>\n\u0412 \u0442\u043e\u0436\u0435 \u0432\u0440\u0435\u043c\u044f \u043c\u044b \u0441 \u0431\u043e\u043b\u044c\u0448\u043e\u0439 \u0440\u0430\u0434\u043e\u0441\u0442\u044c\u044e \u0438 \u0437\u0430\u0431\u043e\u0442\u043e\u0439 \u043f\u0440\u0438\u0432\u043e\u0434\u0438\u043c \u0432 \u0440\u0430\u0431\u043e\u0447\u0435\u0435 \u0441\u043e\u0441\u0442\u043e\u044f\u043d\u0438\u0435 \u0433\u0435\u043d\u0435\u0440\u0430\u0442\u043e\u0440\u044b \u0438 \u0441\u0442\u0430\u0440\u0442\u0435\u0440\u044b \u043e\u0442 \u0430\u0432\u0442\u043e\u043c\u043e\u0431\u0438\u043b\u0435\u0439 \u0438\u0437\u0433\u043e\u0442\u043e\u0432\u043b\u0435\u043d\u043d\u044b\u0445 \u0432 40-\u0445 \u0438 50-\u0445 \u0433\u043e\u0434\u0430\u0445.<\/p>\n\n\t\t<\/div>\n\t<\/div>\n<\/div><\/div><\/div><\/div><div class=\"vc_row wpb_row vc_row-fluid vc_custom_1530214828586\"><div class=\"wpb_column vc_column_container vc_col-sm-12\"><div class=\"vc_column-inner\"><div class=\"wpb_wrapper\"><div class=\"vc_separator wpb_content_element vc_separator_align_center vc_sep_width_100 vc_sep_border_width_3 vc_sep_pos_align_center vc_separator_no_text vc_sep_color_grey  wpb_animate_when_almost_visible wpb_fadeInUp fadeInUp wpb_animate_when_almost_visible wpb_fadeInUp fadeInUp\" ><span class=\"vc_sep_holder vc_sep_holder_l\"><span  class=\"vc_sep_line\"><\/span><\/span><span class=\"vc_sep_holder vc_sep_holder_r\"><span  class=\"vc_sep_line\"><\/span><\/span>\n<\/div><\/div><\/div><\/div><\/div><div class=\"vc_row wpb_row vc_row-fluid\"><div class=\"wpb_column vc_column_container vc_col-sm-12\"><div class=\"vc_column-inner\"><div class=\"wpb_wrapper\">\n\t<div class=\"wpb_text_column wpb_content_element\" >\n\t\t<div class=\"wpb_wrapper\">\n\t\t\t<p style=\"text-align: justify;\" class=\"translation-block\">\u0412\u044b \u0432\u044b\u0438\u0433\u0440\u0430\u0435\u0442\u0435 \u0434\u0435\u043d\u044c\u0433\u0438 \u0438 \u0432\u0440\u0435\u043c\u044f, \u0438 \u043d\u0435 \u043f\u0440\u043e\u0438\u0433\u0440\u0430\u0435\u0442\u0435 \u0432 \u043a\u0430\u0447\u0435\u0441\u0442\u0432\u0435, \u0435\u0441\u043b\u0438 \u0441\u0442\u0430\u043d\u0435\u0442\u0435 \u043a\u043b\u0438\u0435\u043d\u0442\u043e\u043c KANEL O\u00dc. <br>\n\u041d\u0435 \u0441\u0435\u043a\u0440\u0435\u0442, \u0447\u0442\u043e \u0446\u0435\u043d\u0430 \u0440\u0435\u043c\u043e\u043d\u0442\u0430 \u0432 \u0430\u0432\u0442\u043e\u0446\u0435\u043d\u0442\u0440\u0435 \u043c\u043e\u0436\u0435\u0442 \u0432 \u043d\u0435\u0441\u043a\u043e\u043b\u044c\u043a\u043e \u0440\u0430\u0437 \u043f\u0440\u0435\u0432\u044b\u0441\u0438\u0442\u044c \u0446\u0435\u043d\u0443 \u0440\u0435\u0430\u043b\u044c\u043d\u043e\u0433\u043e \u0440\u0435\u043c\u043e\u043d\u0442\u0430 \u0441\u0442\u0430\u0440\u0442\u0435\u0440\u0430 \u0438\u043b\u0438 \u0433\u0435\u043d\u0435\u0440\u0430\u0442\u043e\u0440\u0430. \u0410 \u0432 \u0431\u043e\u043b\u044c\u0448\u0438\u043d\u0441\u0442\u0432\u0435 \u0441\u043b\u0443\u0447\u0430\u044f\u0445 \u0432\u0430\u043c \u043f\u0440\u0435\u0434\u043b\u043e\u0436\u0430\u0442 \u043f\u043e\u043c\u0435\u043d\u044f\u0442\u044c \u0412\u0430\u0448 \u043e\u0440\u0438\u0433\u0438\u043d\u0430\u043b\u044c\u043d\u044b\u0439 \u0430\u0433\u0440\u0435\u0433\u0430\u0442 \u043d\u0430 \u0411 \u043a\u0430\u0442\u0435\u0433\u043e\u0440\u0438\u044e. \u0411\u043e\u043b\u044c\u0448\u0438\u043d\u0441\u0442\u0432\u043e \u0430\u0433\u0440\u0435\u0433\u0430\u0442\u043e\u0432 \u0411 \u043a\u0430\u0442\u0435\u0433\u043e\u0440\u0438\u0438 \u044d\u0442\u043e  \u043d\u0435 \u0442\u043e\u0447\u043d\u044b\u0435 \u043a\u043e\u043f\u0438\u0438 \u043e\u0440\u0438\u0433\u0438\u043d\u0430\u043b\u0430, \u0430 \u0442\u043e\u043b\u044c\u043a\u043e \u0432\u043d\u0435\u0448\u043d\u0435 \u043f\u043e\u0445\u043e\u0436\u0438\u0435 \u043a\u043b\u043e\u043d\u044b. \u042d\u0442\u043e \u043d\u0435 \u043f\u043e\u0442\u043e\u043c\u0443 \u0447\u0442\u043e \u0434\u0430\u0436\u0435 \u043b\u0443\u0447\u0448\u0438\u0435 \u0415\u0432\u0440\u043e\u043f\u0435\u0439\u0441\u043a\u0438\u0435 \u0437\u0430\u0432\u043e\u0434\u044b \u043d\u0435 \u043c\u043e\u0433\u0443\u0442 \u0432\u044b\u043f\u0443\u0441\u043a\u0430\u0442\u044c \u0430\u0431\u0441\u043e\u043b\u044e\u0442\u043d\u043e \u0430\u0443\u0442\u0435\u043d\u0442\u0438\u0447\u043d\u044b\u0435 \u0430\u0433\u0440\u0435\u0433\u0430\u0442\u044b, \u0430 \u043f\u043e\u0442\u043e\u043c\u0443 \u0447\u0442\u043e \u043d\u0430 \u0432\u0441\u0435 \u0438\u043d\u0436\u0435\u043d\u0435\u0440\u043d\u044b\u0435 \u0440\u0435\u0448\u0435\u043d\u0438\u044f \u043e\u0440\u0438\u0433\u0438\u043d\u0430\u043b\u044c\u043d\u044b\u0435 \u043f\u0440\u043e\u0438\u0437\u0432\u043e\u0434\u0438\u0442\u0435\u043b\u0438 \u0438\u043c\u0435\u044e\u0442 \u043f\u0430\u0442\u0435\u043d\u0442. \u041f\u043e\u044d\u0442\u043e\u043c\u0443 \u043c\u0430\u043b\u044b\u043c \u043f\u0440\u043e\u0438\u0437\u0432\u043e\u0434\u0438\u0442\u0435\u043b\u044f\u043c \u043f\u0440\u0438\u0445\u043e\u0434\u0438\u0442\u0441\u044f \u0438\u0441\u043a\u0430\u0442\u044c \u0441\u0432\u043e\u0438 \u0432\u0430\u0440\u0438\u0430\u043d\u0442\u044b \u0442\u0435\u0445\u043d\u0438\u0447\u0435\u0441\u043a\u0438\u0445 \u043a\u043e\u043d\u0441\u0442\u0440\u0443\u043a\u0446\u0438\u0439.  \u041a\u043e\u043d\u0435\u0447\u043d\u043e \u043a\u0430\u043a\u0438\u0435-\u0442\u043e \u043f\u0440\u0435\u0434\u043f\u0440\u0438\u044f\u0442\u0438\u044f \u0440\u0430\u0437\u0432\u0438\u0432\u0430\u044e\u0442\u0441\u044f \u0438 \u0440\u0430\u0441\u0442\u0443\u0442, \u0438 \u043c\u043e\u0436\u0435\u0442 \u0443\u0436\u0435 \u0437\u0430\u0432\u0442\u0440\u0430 \u043f\u043e\u044f\u0432\u0438\u0442\u0441\u044f \u043d\u043e\u0432\u044b\u0439 \u0443\u0437\u043d\u0430\u0432\u0430\u0435\u043c\u044b\u0439 \u0431\u0440\u0435\u043d\u0434 \u0442\u0430\u043a\u043e\u0439 \u043a\u0430\u043a BOSH, VALEO \u0438\u043b\u0438 DENSO. <br>\n\u0412\u044b\u0431\u043e\u0440 \u0437\u0430 \u0412\u0430\u043c\u0438. \u0418\u043c\u0435\u043d\u043d\u043e \u043f\u043e\u044d\u0442\u043e\u043c\u0443 \u0431\u0443\u0434\u0435\u0442 \u043e\u043f\u0442\u0438\u043c\u0430\u043b\u044c\u043d\u043e \u043e\u0431\u0440\u0430\u0442\u0438\u0442\u0441\u044f \u0432 \u0441\u043f\u0435\u0446\u0438\u0430\u043b\u0438\u0437\u0438\u0440\u043e\u0432\u0430\u043d\u043d\u0443\u044e \u043c\u0430\u0441\u0442\u0435\u0440\u0441\u043a\u0443\u044e \u043f\u043e \u0440\u0435\u043c\u043e\u043d\u0442\u0443 \u0433\u0435\u043d\u0435\u0440\u0430\u0442\u043e\u0440\u043e\u0432 \u0438 \u0441\u0442\u0430\u0440\u0442\u0435\u0440\u043e\u0432 \u00abKANEL\u00bb, \u0433\u0434\u0435 \u0435\u0441\u0442\u044c \u0432\u0441\u0435 \u043d\u0435\u043e\u0431\u0445\u043e\u0434\u0438\u043c\u044b\u0435 \u0441\u043e\u0441\u0442\u0430\u0432\u043b\u044f\u044e\u0449\u0438\u0435 \u0434\u043b\u044f \u0431\u044b\u0441\u0442\u0440\u043e\u0433\u043e, \u043a\u0430\u0447\u0435\u0441\u0442\u0432\u0435\u043d\u043d\u043e\u0433\u043e \u0438 \u043d\u0435\u0434\u043e\u0440\u043e\u0433\u043e\u0433\u043e \u0440\u0435\u043c\u043e\u043d\u0442\u0430: \u0432\u0441\u0435 \u043d\u0443\u0436\u043d\u044b\u0435 \u0434\u043b\u044f \u0440\u0435\u043c\u043e\u043d\u0442\u0430 \u0437\u0430\u043f\u0447\u0430\u0441\u0442\u0438, \u0442\u0435\u0441\u0442\u043e\u0432\u043e\u0435 \u043e\u0431\u043e\u0440\u0443\u0434\u043e\u0432\u0430\u043d\u0438\u0435, \u0442\u043e\u043b\u043a\u043e\u0432\u044b\u0435 \u043c\u0430\u0441\u0442\u0435\u0440\u0430, \u043a\u043e\u0442\u043e\u0440\u044b\u0435 \u0431\u044b\u0441\u0442\u0440\u043e \u0438 \u043a\u0430\u0447\u0435\u0441\u0442\u0432\u0435\u043d\u043d\u043e \u0432\u044b\u043f\u043e\u043b\u043d\u044f\u0442 \u0440\u0435\u043c\u043e\u043d\u0442. \u041f\u0440\u0438\u043c\u0435\u0440\u043d\u043e \u0432 3% \u0441\u043b\u0443\u0447\u0430\u044f\u0445 \u0440\u0435\u043c\u043e\u043d\u0442 \u044d\u043a\u043e\u043d\u043e\u043c\u0438\u0447\u0435\u0441\u043a\u0438 \u043d\u0435\u0446\u0435\u043b\u0435\u0441\u043e\u043e\u0431\u0440\u0430\u0437\u0435\u043d. \u0412 \u044d\u0442\u043e\u043c \u0441\u043b\u0443\u0447\u0430\u0438 \u043c\u044b \u043f\u0440\u0435\u0434\u043b\u043e\u0436\u0438\u043c \u0412\u0430\u043c \u0440\u0435\u043d\u043e\u0432\u0438\u0440\u043e\u0432\u0430\u043d\u043d\u044b\u0439 \u043e\u0440\u0438\u0433\u0438\u043d\u0430\u043b, \u043e\u0440\u0438\u0433\u0438\u043d\u0430\u043b \u0438\u043b\u0438 \u0430\u043d\u0430\u043b\u043e\u0433 (\u0412 \u043a\u0430\u0442\u0435\u0433\u043e\u0440\u0438\u044f) \u043d\u0435\u043e\u0431\u0445\u043e\u0434\u0438\u043c\u043e\u0433\u043e \u0430\u0433\u0440\u0435\u0433\u0430\u0442\u0430. <br>\n\u0423 \u041d\u0430\u0441 \u0435\u0441\u0442\u044c \u0432\u043e\u0437\u043c\u043e\u0436\u043d\u043e\u0441\u0442\u044c \u043f\u043e \u0436\u0435\u043b\u0430\u043d\u0438\u044e \u043a\u043b\u0438\u0435\u043d\u0442\u0430 \u0438\u0441\u043f\u043e\u043b\u044c\u0437\u043e\u0432\u0430\u0442\u044c \u043f\u0440\u0438 \u0440\u0435\u043c\u043e\u043d\u0442\u0435 \u0411\/\u0423 \u0434\u0435\u0442\u0430\u043b\u0438 \u0442\u0430\u043a\u0438\u0435 \u043a\u0430\u043a \u0441\u0442\u0430\u0442\u043e\u0440, \u0440\u043e\u0442\u043e\u0440, \u043a\u043e\u0440\u043f\u0443\u0441, \u0446\u0435\u043d\u0430 \u043a\u043e\u0442\u043e\u0440\u044b\u0445 \u0432 \u0440\u0430\u0437\u044b \u043c\u0435\u043d\u044c\u0448\u0435 \u043d\u043e\u0432\u044b\u0445 \u0438\u043b\u0438 \u0438\u0445 \u043d\u0430\u0434\u043e \u0437\u0430\u043a\u0430\u0437\u044b\u0432\u0430\u0442\u044c.<br><\/p>\n<p style=\"text-align: justify;\">\u0422\u0430\u043a\u0436\u0435 \u0442\u0430\u043a\u0430\u044f \u043d\u0435\u043e\u0431\u0445\u043e\u0434\u0438\u043c\u043e\u0441\u0442\u044c \u043c\u043e\u0436\u0435\u0442 \u0432\u043e\u0437\u043d\u0438\u043a\u043d\u0443\u0442\u044c \u0432 \u0441\u043b\u0443\u0447\u0430\u0435, \u043a\u043e\u0433\u0434\u0430 \u0434\u0435\u0442\u0430\u043b\u0438 \u0434\u043b\u044f \u043e\u0442\u043d\u043e\u0441\u0438\u0442\u0435\u043b\u044c\u043d\u043e \u043d\u043e\u0432\u043e\u0433\u043e \u0438\u043b\u0438 \u0441\u0442\u0430\u0440\u043e\u0433\u043e \u0430\u0433\u0440\u0435\u0433\u0430\u0442\u0430 \u0435\u0449\u0435 \u043f\u0440\u043e\u0434\u0430\u044e\u0442\u0441\u044f \u0438\u043b\u0438 \u043d\u0430\u043e\u0431\u043e\u0440\u043e\u0442 \u0443\u0436\u0435 \u043d\u0435 \u043f\u0440\u043e\u0434\u0430\u044e\u0442\u0441\u044f \u0432 \u0440\u043e\u0437\u043d\u0438\u0447\u043d\u043e\u0439 \u043f\u0440\u043e\u0434\u0430\u0436\u0435.<\/p>\n\n\t\t<\/div>\n\t<\/div>\n<\/div><\/div><\/div><\/div><div class=\"vc_row wpb_row vc_row-fluid vc_custom_1530215798350\"><div class=\"wpb_column vc_column_container vc_col-sm-12\"><div class=\"vc_column-inner\"><div class=\"wpb_wrapper\"><div class=\"vc_separator wpb_content_element vc_separator_align_center vc_sep_width_100 vc_sep_border_width_3 vc_sep_pos_align_center vc_separator_no_text vc_sep_color_grey  wpb_animate_when_almost_visible wpb_fadeInUp fadeInUp wpb_animate_when_almost_visible wpb_fadeInUp fadeInUp\" ><span class=\"vc_sep_holder vc_sep_holder_l\"><span  class=\"vc_sep_line\"><\/span><\/span><span class=\"vc_sep_holder vc_sep_holder_r\"><span  class=\"vc_sep_line\"><\/span><\/span>\n<\/div><\/div><\/div><\/div><\/div><div class=\"vc_row wpb_row vc_row-fluid\"><div class=\"wpb_column vc_column_container vc_col-sm-6\"><div class=\"vc_column-inner\"><div class=\"wpb_wrapper\">\n\t<div  class=\"wpb_single_image wpb_content_element vc_align_center  vc_custom_1530295879882\">\n\t\t\n\t\t<figure class=\"wpb_wrapper vc_figure\">\n\t\t\t<div class=\"vc_single_image-wrapper vc_box_rounded  vc_box_border_grey\"><img loading=\"lazy\" decoding=\"async\" width=\"800\" height=\"600\" src=\"https:\/\/kanel.ee\/wp-content\/uploads\/2018\/06\/about-kanel3_new.jpg\" class=\"vc_single_image-img attachment-full\" alt=\"\" title=\"about-kanel3_new\" srcset=\"https:\/\/kanel.ee\/wp-content\/uploads\/2018\/06\/about-kanel3_new.jpg 800w, https:\/\/kanel.ee\/wp-content\/uploads\/2018\/06\/about-kanel3_new-300x225.jpg 300w, https:\/\/kanel.ee\/wp-content\/uploads\/2018\/06\/about-kanel3_new-768x576.jpg 768w\" sizes=\"auto, (max-width: 800px) 100vw, 800px\"  data-dt-location=\"https:\/\/kanel.ee\/ru\/o-nas\/attachment\/about-kanel3_new\/\" \/><\/div>\n\t\t<\/figure>\n\t<\/div>\n<\/div><\/div><\/div><div class=\"wpb_column vc_column_container vc_col-sm-6\"><div class=\"vc_column-inner\"><div class=\"wpb_wrapper\">\n\t<div  class=\"wpb_single_image wpb_content_element vc_align_center  vc_custom_1530295889188\">\n\t\t\n\t\t<figure class=\"wpb_wrapper vc_figure\">\n\t\t\t<div class=\"vc_single_image-wrapper vc_box_rounded  vc_box_border_grey\"><img loading=\"lazy\" decoding=\"async\" width=\"800\" height=\"597\" src=\"https:\/\/kanel.ee\/wp-content\/uploads\/2018\/06\/about-kanel1_new.jpg\" class=\"vc_single_image-img attachment-full\" alt=\"\" title=\"about-kanel1_new\" srcset=\"https:\/\/kanel.ee\/wp-content\/uploads\/2018\/06\/about-kanel1_new.jpg 800w, https:\/\/kanel.ee\/wp-content\/uploads\/2018\/06\/about-kanel1_new-300x224.jpg 300w, https:\/\/kanel.ee\/wp-content\/uploads\/2018\/06\/about-kanel1_new-768x573.jpg 768w\" sizes=\"auto, (max-width: 800px) 100vw, 800px\"  data-dt-location=\"https:\/\/kanel.ee\/ru\/o-nas\/attachment\/about-kanel1_new\/\" \/><\/div>\n\t\t<\/figure>\n\t<\/div>\n<\/div><\/div><\/div><\/div>","protected":false},"excerpt":{"rendered":"<p>Meie ettev\u00f5tte ajalugu algab 1998. aastal. Siis asus t\u00f6\u00f6koda Peterburi teel, nagu oli kombeks \u00f6elda &#8220;kangialune&#8221; v\u00f5i \u201ek\u00fclmhoone k\u00f5rval\u201c. Hiljem tegutsesime samal territooriumil sisehoovis II-korrusel. N\u00fc\u00fcd oleme kolinud uude kohta Lennujaama tee 5, kus meil on korralik t\u00f6\u00f6koda mitme masina korraga \u201eelustamiseks\u201c. Oleme kogu oma eksistentsi jooksul parandanud oma teenuse kvaliteeti. Oleme suurendanud varuosade ladu,&hellip;<\/p>","protected":false},"author":1,"featured_media":0,"parent":0,"menu_order":1,"comment_status":"closed","ping_status":"closed","template":"","meta":{"footnotes":""},"class_list":["post-1548","page","type-page","status-publish","hentry","description-off"],"_links":{"self":[{"href":"https:\/\/kanel.ee\/ru\/wp-json\/wp\/v2\/pages\/1548","targetHints":{"allow":["GET"]}}],"collection":[{"href":"https:\/\/kanel.ee\/ru\/wp-json\/wp\/v2\/pages"}],"about":[{"href":"https:\/\/kanel.ee\/ru\/wp-json\/wp\/v2\/types\/page"}],"author":[{"embeddable":true,"href":"https:\/\/kanel.ee\/ru\/wp-json\/wp\/v2\/users\/1"}],"replies":[{"embeddable":true,"href":"https:\/\/kanel.ee\/ru\/wp-json\/wp\/v2\/comments?post=1548"}],"version-history":[{"count":5,"href":"https:\/\/kanel.ee\/ru\/wp-json\/wp\/v2\/pages\/1548\/revisions"}],"predecessor-version":[{"id":1576,"href":"https:\/\/kanel.ee\/ru\/wp-json\/wp\/v2\/pages\/1548\/revisions\/1576"}],"wp:attachment":[{"href":"https:\/\/kanel.ee\/ru\/wp-json\/wp\/v2\/media?parent=1548"}],"curies":[{"name":"wp","href":"https:\/\/api.w.org\/{rel}","templated":true}]}}