{"id":1543,"date":"2018-07-04T15:21:32","date_gmt":"2018-07-04T15:21:32","guid":{"rendered":"http:\/\/kanel.ee\/?page_id=1543"},"modified":"2020-09-16T18:30:11","modified_gmt":"2020-09-16T18:30:11","slug":"e-pood","status":"publish","type":"page","link":"https:\/\/kanel.ee\/ru\/e-pood\/","title":{"rendered":"\u041a\u0430\u0442\u0430\u043b\u043e\u0433"},"content":{"rendered":"<div class=\"vc_row wpb_row vc_row-fluid\"><div class=\"wpb_column vc_column_container vc_col-sm-12\"><div class=\"vc_column-inner\"><div class=\"wpb_wrapper\">\n\t<div class=\"wpb_text_column wpb_content_element\" >\n\t\t<div class=\"wpb_wrapper\">\n\t\t\t<h4 style=\"text-align: center;\">\u0412\u0441\u0435 \u043d\u0435\u043e\u0431\u0445\u043e\u0434\u0438\u043c\u044b\u0435 \u0437\u0430\u043f\u0447\u0430\u0441\u0442\u0438 \u0434\u043b\u044f \u0432\u043e\u0441\u0441\u0442\u0430\u043d\u043e\u0432\u043b\u0435\u043d\u0438\u044f \u0433\u0435\u043d\u0435\u0440\u0430\u0442\u043e\u0440\u043e\u0432 \u0438 \u0441\u0442\u0430\u0440\u0442\u0435\u0440\u043e\u0432 \u0432\u044b \u043c\u043e\u0436\u0435\u0442\u0435 \u0432\u044b\u0431\u0440\u0430\u0442\u044c \u0443 \u043d\u0430\u0448\u0435\u0433\u043e \u043f\u0430\u0440\u0442\u043d\u0435\u0440\u0430 AS-PL.<br \/>\n\u0421\u043f\u0435\u0446\u0438\u0430\u043b\u0438\u0441\u0442\u044b KANEL O\u00dc \u0441 \u0443\u0434\u043e\u0432\u043e\u043b\u044c\u0441\u0442\u0432\u0438\u0435\u043c \u043f\u043e\u043c\u043e\u0433\u0443\u0442 \u0432\u0430\u043c \u043f\u043e\u0434\u043e\u0431\u0440\u0430\u0442\u044c \u043d\u0435\u043e\u0431\u0445\u043e\u0434\u0438\u043c\u044b\u0435 \u0437\u0430\u043f\u0447\u0430\u0441\u0442\u0438, \u0430 \u0442\u0430\u043a\u0436\u0435 \u043e\u0441\u0443\u0449\u0435\u0441\u0442\u0432\u0438\u0442\u044c \u0437\u0430\u043a\u0430\u0437 \u0438 \u0434\u043e\u0441\u0442\u0430\u0432\u043a\u0443.<br \/>\nAS-PL \u043f\u0440\u0435\u0434\u043b\u0430\u0433\u0430\u0435\u0442 \u0437\u0430\u043f\u0447\u0430\u0441\u0442\u0438 \u0438 \u043a\u043e\u043c\u043f\u043b\u0435\u043a\u0442\u0443\u044e\u0449\u0438\u0435 \u0434\u043b\u044f \u0430\u0432\u0442\u043e\u043c\u043e\u0431\u0438\u043b\u0435\u0439, \u0433\u0440\u0443\u0437\u043e\u0432\u0438\u043a\u043e\u0432, \u0441\u0435\u043b\u044c\u0441\u043a\u043e\u0445\u043e\u0437\u044f\u0439\u0441\u0442\u0432\u0435\u043d\u043d\u043e\u0439 \u0442\u0435\u0445\u043d\u0438\u043a\u0438, \u043b\u043e\u0434\u043e\u043a, \u043c\u043e\u0442\u043e\u0446\u0438\u043a\u043b\u043e\u0432 \u0438 \u043f\u0440\u043e\u043c\u044b\u0448\u043b\u0435\u043d\u043d\u043e\u0433\u043e \u043e\u0431\u043e\u0440\u0443\u0434\u043e\u0432\u0430\u043d\u0438\u044f.<br \/>\n\u0412\u0441\u0435 \u0433\u0435\u043d\u0435\u0440\u0430\u0442\u043e\u0440\u044b \u0438 \u0441\u0442\u0430\u0440\u0442\u0435\u0440\u044b, \u043f\u0440\u0435\u0434\u043b\u0430\u0433\u0430\u0435\u043c\u044b\u0435 \u043a\u043e\u043c\u043f\u0430\u043d\u0438\u0435\u0439, \u043f\u0440\u043e\u0445\u043e\u0434\u044f\u0442 \u0438\u0441\u043f\u044b\u0442\u0430\u043d\u0438\u044f \u043d\u0430 \u0441\u043f\u0435\u0446\u0438\u0430\u043b\u044c\u043d\u044b\u0445 \u043c\u0430\u0448\u0438\u043d\u0430\u0445, \u0430 \u0440\u0435\u0437\u0443\u043b\u044c\u0442\u0430\u0442\u044b \u0438\u0441\u043f\u044b\u0442\u0430\u043d\u0438\u0439 \u043f\u0440\u0438\u043b\u0430\u0433\u0430\u044e\u0442\u0441\u044f \u043a \u043f\u0440\u0435\u0434\u043b\u0430\u0433\u0430\u0435\u043c\u043e\u0439 \u043f\u0440\u043e\u0434\u0443\u043a\u0446\u0438\u0438.<\/h4>\n\n\t\t<\/div>\n\t<\/div>\n<div class=\"vc_separator wpb_content_element vc_separator_align_center vc_sep_width_100 vc_sep_pos_align_center vc_separator_no_text vc_sep_color_grey\" ><span class=\"vc_sep_holder vc_sep_holder_l\"><span  class=\"vc_sep_line\"><\/span><\/span><span class=\"vc_sep_holder vc_sep_holder_r\"><span  class=\"vc_sep_line\"><\/span><\/span>\n<\/div><style type=\"text\/css\" data-type=\"the7_shortcodes-inline-css\">#default-btn-8bce5e7f825e0ec07116918c7609cbf5.ico-right-side > i {\n  margin-right: 0px;\n  margin-left: 8px;\n}\n#default-btn-8bce5e7f825e0ec07116918c7609cbf5 > i {\n  margin-right: 8px;\n}\n<\/style><div class=\"btn-align-center\"><a href=\"https:\/\/as-pl.com\/en\" class=\"default-btn-shortcode dt-btn dt-btn-l bounce animate-element animation-builder link-hover-off  vc_custom_1600241550573\" target=\"_blank\" id=\"default-btn-8bce5e7f825e0ec07116918c7609cbf5\" rel=\"noopener\"><span>\u041f\u0435\u0440\u0435\u0439\u0442\u0438 \u0432 \u043a\u0430\u0442\u0430\u043b\u043e\u0433<\/span><\/a><\/div><\/div><\/div><\/div><\/div>","protected":false},"excerpt":{"rendered":"<p>K\u00f5ik vajalikud generaatorite ja starterite taastamiseks vajalikud osad saate valida meie partnerilt AS-PL. KANEL O\u00dc spetsialistid aitavad teid hea meelega vajalike osade valimisel ning teostavad tellimuse ja kohaletoimetamise. AS-PL pakub autode, veoautode, p\u00f5llumajandustehnika, paatide, mootorrataste ja t\u00f6\u00f6stusseadmete varuosi ja komponente. K\u00f5iki ettev\u00f5tte pakutavaid generaatoreid ja startereid testitakse spetsiaalsetel masinatel ning testitulemused on lisatud pakutavatele toodetele.<\/p>","protected":false},"author":1,"featured_media":0,"parent":0,"menu_order":0,"comment_status":"closed","ping_status":"closed","template":"","meta":{"footnotes":""},"class_list":["post-1543","page","type-page","status-publish","hentry","description-off"],"_links":{"self":[{"href":"https:\/\/kanel.ee\/ru\/wp-json\/wp\/v2\/pages\/1543","targetHints":{"allow":["GET"]}}],"collection":[{"href":"https:\/\/kanel.ee\/ru\/wp-json\/wp\/v2\/pages"}],"about":[{"href":"https:\/\/kanel.ee\/ru\/wp-json\/wp\/v2\/types\/page"}],"author":[{"embeddable":true,"href":"https:\/\/kanel.ee\/ru\/wp-json\/wp\/v2\/users\/1"}],"replies":[{"embeddable":true,"href":"https:\/\/kanel.ee\/ru\/wp-json\/wp\/v2\/comments?post=1543"}],"version-history":[{"count":12,"href":"https:\/\/kanel.ee\/ru\/wp-json\/wp\/v2\/pages\/1543\/revisions"}],"predecessor-version":[{"id":1750,"href":"https:\/\/kanel.ee\/ru\/wp-json\/wp\/v2\/pages\/1543\/revisions\/1750"}],"wp:attachment":[{"href":"https:\/\/kanel.ee\/ru\/wp-json\/wp\/v2\/media?parent=1543"}],"curies":[{"name":"wp","href":"https:\/\/api.w.org\/{rel}","templated":true}]}}