{"id":1548,"date":"2018-07-04T15:28:16","date_gmt":"2018-07-04T15:28:16","guid":{"rendered":"http:\/\/kanel.ee\/?page_id=1548"},"modified":"2018-07-16T13:58:45","modified_gmt":"2018-07-16T13:58:45","slug":"ettevotest","status":"publish","type":"page","link":"https:\/\/kanel.ee\/fi\/ettevotest\/","title":{"rendered":"Yrityksest\u00e4"},"content":{"rendered":"<div class=\"vc_row wpb_row vc_row-fluid\"><div class=\"wpb_column vc_column_container vc_col-sm-6\"><div class=\"vc_column-inner vc_custom_1530299336997\"><div class=\"wpb_wrapper\">\n\t<div  class=\"wpb_single_image wpb_content_element vc_align_center\">\n\t\t\n\t\t<figure class=\"wpb_wrapper vc_figure\">\n\t\t\t<div class=\"vc_single_image-wrapper vc_box_rounded  vc_box_border_grey\"><img loading=\"lazy\" decoding=\"async\" width=\"1000\" height=\"720\" src=\"https:\/\/kanel.ee\/wp-content\/uploads\/2018\/06\/onas5_com.jpg\" class=\"vc_single_image-img attachment-full\" alt=\"\" title=\"onas5_com\" srcset=\"https:\/\/kanel.ee\/wp-content\/uploads\/2018\/06\/onas5_com.jpg 1000w, https:\/\/kanel.ee\/wp-content\/uploads\/2018\/06\/onas5_com-300x216.jpg 300w, https:\/\/kanel.ee\/wp-content\/uploads\/2018\/06\/onas5_com-768x553.jpg 768w\" sizes=\"auto, (max-width: 1000px) 100vw, 1000px\"  data-dt-location=\"https:\/\/kanel.ee\/fi\/o-nas\/attachment\/onas5_com\/\" \/><\/div>\n\t\t<\/figure>\n\t<\/div>\n<\/div><\/div><\/div><div class=\"wpb_column vc_column_container vc_col-sm-6 vc_col-has-fill\"><div class=\"vc_column-inner vc_custom_1530299346404\"><div class=\"wpb_wrapper\">\n\t<div class=\"wpb_text_column wpb_content_element\" >\n\t\t<div class=\"wpb_wrapper\">\n\t\t\t<p style=\"text-align: justify;\" class=\"translation-block\">Yrityksemme historia alkaa vuonna 1998. Sitten ty\u00f6paja oli matkalla Pietariin, kuten oli tapana sanoa \"vivun alla\" tai \"kylm\u00e4varaston vieress\u00e4\". My\u00f6hemmin toimimme samalla alueella toisen kerroksen sis\u00e4pihalla. <br>\nNyt olemme muuttaneet uuteen paikkaan osoitteeseen Lennujaama tee 5, jossa meill\u00e4 on kunnollinen ty\u00f6paja \"elvytt\u00e4\u00e4\" useita koneita kerralla. <br>\nOlemme parantaneet palvelumme laatua koko olemassaolomme ajan. <br>\nOlemme laajentaneet varaosavarastoamme tarjoamalla uusia palveluja, kuten laitteiden poisto ja asennus sek\u00e4 autojen s\u00e4hk\u00f6ty\u00f6t. <br>\nKehit\u00e4mme, opimme ja pysymme ajan tasalla maailmanlaajuisen autoteollisuuden nykyisist\u00e4 kehityksist\u00e4 ja innovaatioista, yleens\u00e4 \"pit\u00e4m\u00e4ll\u00e4 k\u00e4tt\u00e4mme pulssissa\". <br>\nOlemme ensimm\u00e4inen ty\u00f6paja Virossa, joka k\u00e4ytt\u00e4\u00e4 erityist\u00e4 laitetta j\u00e4nnites\u00e4\u00e4t\u00f6generaattoreiden testaamiseen COM-protokollilla BSD (Bit Serial Device), BSS (Bit Synchronized Signal) ja LIN (Local Connocet Network). <br>\nMutta samalla suurimmalla ilolla ja ahkeruudella palautamme ja her\u00e4t\u00e4mme eloon 1940- ja 1950-luvulla valmistettujen autojen generaattorit ja k\u00e4ynnistimet.<\/p>\n\n\t\t<\/div>\n\t<\/div>\n<\/div><\/div><\/div><\/div><div class=\"vc_row wpb_row vc_row-fluid vc_custom_1530214828586\"><div class=\"wpb_column vc_column_container vc_col-sm-12\"><div class=\"vc_column-inner\"><div class=\"wpb_wrapper\"><div class=\"vc_separator wpb_content_element vc_separator_align_center vc_sep_width_100 vc_sep_border_width_3 vc_sep_pos_align_center vc_separator_no_text vc_sep_color_grey  wpb_animate_when_almost_visible wpb_fadeInUp fadeInUp wpb_animate_when_almost_visible wpb_fadeInUp fadeInUp\" ><span class=\"vc_sep_holder vc_sep_holder_l\"><span  class=\"vc_sep_line\"><\/span><\/span><span class=\"vc_sep_holder vc_sep_holder_r\"><span  class=\"vc_sep_line\"><\/span><\/span>\n<\/div><\/div><\/div><\/div><\/div><div class=\"vc_row wpb_row vc_row-fluid\"><div class=\"wpb_column vc_column_container vc_col-sm-12\"><div class=\"vc_column-inner\"><div class=\"wpb_wrapper\">\n\t<div class=\"wpb_text_column wpb_content_element\" >\n\t\t<div class=\"wpb_wrapper\">\n\t\t\t<p style=\"text-align: justify;\" class=\"translation-block\">Jos valitset KANEL O\u00dc: n kumppaniksi, et varmasti menet\u00e4 laatua, mutta s\u00e4\u00e4st\u00e4t aikaa ja rahaa. <br>\nEi ole mik\u00e4\u00e4n salaisuus, ett\u00e4 autokauppojen korjaushinta voi monta kertaa ylitt\u00e4\u00e4 k\u00e4ynnistimen tai laturin todellisen korjaushinnan. Useimmissa tapauksissa sinulle tarjotaan yksik\u00f6n \/ yksik\u00f6n vaihto, ei korjaus, ja alkuper\u00e4inen yksikk\u00f6 korvataan luokan B yksik\u00f6ll\u00e4. Suurin osa luokan B aggregaateista ei ole tarkkoja j\u00e4ljenn\u00f6ksi\u00e4 alkuper\u00e4isist\u00e4, mutta ovat vain ulkoisesti samanlaisia \u200b\u200bklooneja. <br>\nValinta on tietysti sinun teht\u00e4v\u00e4si! <br>\nSiksi on paras vaihtoehto ottaa yhteytt\u00e4 generaattoreiden ja k\u00e4ynnistimien korjaamiseen erikoistuneeseen KANEL-korjaamoon, jossa kaikki tarvittavat komponentit ovat saatavilla paikan p\u00e4\u00e4ll\u00e4 nopeaa, laadukasta ja edullista korjausta varten. Huippuvalmistajien varaosat ja modernit diagnostiikkaty\u00f6kalut sek\u00e4 k\u00e4sity\u00f6l\u00e4isten kokemus antavat meille mahdollisuuden korjata rikkoutuneet laitteet nopeasti ja hyvin. Vain noin 3 prosentissa tapauksista korjaus ei ole taloudellisesti kannattavaa. <br>\nT\u00e4ss\u00e4 tapauksessa tarjoamme sinulle kunnostetun alkuper\u00e4isen halutun laitteen \/ yksik\u00f6n, alkuper\u00e4isen tai ainakin vastaavan luokan B laitteen, jonka pitk\u00e4aikaiseen ty\u00f6h\u00f6n me itse uskomme kokemukseen. <br>\nAsiakkaan pyynn\u00f6st\u00e4, jos alkuper\u00e4isten varaosien tilaaminen vie paljon aikaa tai hinnan takia ei ole k\u00e4yt\u00e4nn\u00f6llist\u00e4 k\u00e4ytt\u00e4\u00e4 uusia osia, tarjoamme mahdollisuuden valita korjatut, mutta t\u00e4ysin luotettavat varaosat, kuten staattori, roottori, kotelot jne.).<\/p>\n<p style=\"text-align: justify;\">T\u00e4llainen tarve voi synty\u00e4 my\u00f6s silloin, kun vanhan laitteen varaosia ei en\u00e4\u00e4 myyd\u00e4 tai p\u00e4invastoin suhteellisen uuden laitteen varaosia ei viel\u00e4 myyd\u00e4 v\u00e4hitt\u00e4iskaupassa.<\/p>\n\n\t\t<\/div>\n\t<\/div>\n<\/div><\/div><\/div><\/div><div class=\"vc_row wpb_row vc_row-fluid vc_custom_1530215798350\"><div class=\"wpb_column vc_column_container vc_col-sm-12\"><div class=\"vc_column-inner\"><div class=\"wpb_wrapper\"><div class=\"vc_separator wpb_content_element vc_separator_align_center vc_sep_width_100 vc_sep_border_width_3 vc_sep_pos_align_center vc_separator_no_text vc_sep_color_grey  wpb_animate_when_almost_visible wpb_fadeInUp fadeInUp wpb_animate_when_almost_visible wpb_fadeInUp fadeInUp\" ><span class=\"vc_sep_holder vc_sep_holder_l\"><span  class=\"vc_sep_line\"><\/span><\/span><span class=\"vc_sep_holder vc_sep_holder_r\"><span  class=\"vc_sep_line\"><\/span><\/span>\n<\/div><\/div><\/div><\/div><\/div><div class=\"vc_row wpb_row vc_row-fluid\"><div class=\"wpb_column vc_column_container vc_col-sm-6\"><div class=\"vc_column-inner\"><div class=\"wpb_wrapper\">\n\t<div  class=\"wpb_single_image wpb_content_element vc_align_center  vc_custom_1530295879882\">\n\t\t\n\t\t<figure class=\"wpb_wrapper vc_figure\">\n\t\t\t<div class=\"vc_single_image-wrapper vc_box_rounded  vc_box_border_grey\"><img loading=\"lazy\" decoding=\"async\" width=\"800\" height=\"600\" src=\"https:\/\/kanel.ee\/wp-content\/uploads\/2018\/06\/about-kanel3_new.jpg\" class=\"vc_single_image-img attachment-full\" alt=\"\" title=\"about-kanel3_new\" srcset=\"https:\/\/kanel.ee\/wp-content\/uploads\/2018\/06\/about-kanel3_new.jpg 800w, https:\/\/kanel.ee\/wp-content\/uploads\/2018\/06\/about-kanel3_new-300x225.jpg 300w, https:\/\/kanel.ee\/wp-content\/uploads\/2018\/06\/about-kanel3_new-768x576.jpg 768w\" sizes=\"auto, (max-width: 800px) 100vw, 800px\"  data-dt-location=\"https:\/\/kanel.ee\/fi\/o-nas\/attachment\/about-kanel3_new\/\" \/><\/div>\n\t\t<\/figure>\n\t<\/div>\n<\/div><\/div><\/div><div class=\"wpb_column vc_column_container vc_col-sm-6\"><div class=\"vc_column-inner\"><div class=\"wpb_wrapper\">\n\t<div  class=\"wpb_single_image wpb_content_element vc_align_center  vc_custom_1530295889188\">\n\t\t\n\t\t<figure class=\"wpb_wrapper vc_figure\">\n\t\t\t<div class=\"vc_single_image-wrapper vc_box_rounded  vc_box_border_grey\"><img loading=\"lazy\" decoding=\"async\" width=\"800\" height=\"597\" src=\"https:\/\/kanel.ee\/wp-content\/uploads\/2018\/06\/about-kanel1_new.jpg\" class=\"vc_single_image-img attachment-full\" alt=\"\" title=\"about-kanel1_new\" srcset=\"https:\/\/kanel.ee\/wp-content\/uploads\/2018\/06\/about-kanel1_new.jpg 800w, https:\/\/kanel.ee\/wp-content\/uploads\/2018\/06\/about-kanel1_new-300x224.jpg 300w, https:\/\/kanel.ee\/wp-content\/uploads\/2018\/06\/about-kanel1_new-768x573.jpg 768w\" sizes=\"auto, (max-width: 800px) 100vw, 800px\"  data-dt-location=\"https:\/\/kanel.ee\/fi\/o-nas\/attachment\/about-kanel1_new\/\" \/><\/div>\n\t\t<\/figure>\n\t<\/div>\n<\/div><\/div><\/div><\/div>","protected":false},"excerpt":{"rendered":"<p>Meie ettev\u00f5tte ajalugu algab 1998. aastal. Siis asus t\u00f6\u00f6koda Peterburi teel, nagu oli kombeks \u00f6elda &#8220;kangialune&#8221; v\u00f5i \u201ek\u00fclmhoone k\u00f5rval\u201c. Hiljem tegutsesime samal territooriumil sisehoovis II-korrusel. N\u00fc\u00fcd oleme kolinud uude kohta Lennujaama tee 5, kus meil on korralik t\u00f6\u00f6koda mitme masina korraga \u201eelustamiseks\u201c. Oleme kogu oma eksistentsi jooksul parandanud oma teenuse kvaliteeti. Oleme suurendanud varuosade ladu,&hellip;<\/p>","protected":false},"author":1,"featured_media":0,"parent":0,"menu_order":1,"comment_status":"closed","ping_status":"closed","template":"","meta":{"footnotes":""},"class_list":["post-1548","page","type-page","status-publish","hentry","description-off"],"_links":{"self":[{"href":"https:\/\/kanel.ee\/fi\/wp-json\/wp\/v2\/pages\/1548","targetHints":{"allow":["GET"]}}],"collection":[{"href":"https:\/\/kanel.ee\/fi\/wp-json\/wp\/v2\/pages"}],"about":[{"href":"https:\/\/kanel.ee\/fi\/wp-json\/wp\/v2\/types\/page"}],"author":[{"embeddable":true,"href":"https:\/\/kanel.ee\/fi\/wp-json\/wp\/v2\/users\/1"}],"replies":[{"embeddable":true,"href":"https:\/\/kanel.ee\/fi\/wp-json\/wp\/v2\/comments?post=1548"}],"version-history":[{"count":5,"href":"https:\/\/kanel.ee\/fi\/wp-json\/wp\/v2\/pages\/1548\/revisions"}],"predecessor-version":[{"id":1576,"href":"https:\/\/kanel.ee\/fi\/wp-json\/wp\/v2\/pages\/1548\/revisions\/1576"}],"wp:attachment":[{"href":"https:\/\/kanel.ee\/fi\/wp-json\/wp\/v2\/media?parent=1548"}],"curies":[{"name":"wp","href":"https:\/\/api.w.org\/{rel}","templated":true}]}}