{"id":1523,"date":"2018-07-03T19:24:27","date_gmt":"2018-07-03T19:24:27","guid":{"rendered":"http:\/\/kanel.ee\/?page_id=1523"},"modified":"2020-09-16T19:28:04","modified_gmt":"2020-09-16T19:28:04","slug":"glavnaja","status":"publish","type":"page","link":"https:\/\/kanel.ee\/fi\/","title":{"rendered":"Etusivu"},"content":{"rendered":"<div class=\"vc_row wpb_row vc_row-fluid\"><div class=\"wpb_column vc_column_container vc_col-sm-12\"><div class=\"vc_column-inner\"><div class=\"wpb_wrapper\"><div id=\"ultimate-heading-851869def0ae8d655\" class=\"uvc-heading ult-adjust-bottom-margin ultimate-heading-851869def0ae8d655 uvc-8890  uvc-heading-default-font-sizes\" data-hspacer=\"no_spacer\"  data-halign=\"center\" style=\"text-align:center\"><div class=\"uvc-heading-spacer no_spacer\" style=\"top\"><\/div><div class=\"uvc-main-heading ult-responsive\"  data-ultimate-target='.uvc-heading.ultimate-heading-851869def0ae8d655 h4'  data-responsive-json-new='{\"font-size\":\"\",\"line-height\":\"\"}' ><h4 style=\"font-weight:bold;\">Toimittajamme ovat seuraavat johtavat valmistajat<\/h4><\/div><\/div><div class=\"vc_separator wpb_content_element vc_separator_align_center vc_sep_width_100 vc_sep_shadow vc_sep_border_width_4 vc_sep_pos_align_center vc_separator_no_text vc_sep_color_grey vc_custom_1600284481991  vc_custom_1600284481991\" ><span class=\"vc_sep_holder vc_sep_holder_l\"><span  class=\"vc_sep_line\"><\/span><\/span><span class=\"vc_sep_holder vc_sep_holder_r\"><span  class=\"vc_sep_line\"><\/span><\/span>\n<\/div><div class=\"carousel-slider-outer carousel-slider-outer-image-carousel carousel-slider-outer-1680\" style=\"--carousel-slider-nav-color:#f1f1f1;--carousel-slider-active-nav-color:#00d1b2;--carousel-slider-arrow-size:48px;--carousel-slider-bullet-size:10px\">\n<div id=\"&#039;id-1680\" class=\"carousel-slider carousel-slider-1680 arrows-visibility-hover dots-visibility-never arrows-outside dots-center dots-square owl-carousel\" data-slide-type=\"image-carousel\" data-owl-settings='{\"nav\":true,\"dots\":false,\"slideBy\":1,\"stagePadding\":0,\"margin\":30,\"loop\":true,\"lazyLoad\":false,\"autoplay\":true,\"autoplayTimeout\":4000,\"autoplaySpeed\":400,\"autoplayHoverPause\":false,\"autoWidth\":true,\"responsive\":{\"300\":{\"items\":1},\"576\":{\"items\":2},\"768\":{\"items\":2},\"1024\":{\"items\":3},\"1280\":{\"items\":4},\"1536\":{\"items\":5}}}'>\n<div class=\"carousel-slider__item\">\n\t<img loading=\"lazy\" decoding=\"async\" width=\"213\" height=\"122\" src=\"https:\/\/kanel.ee\/wp-content\/uploads\/2018\/06\/partner18.jpg\" class=\"attachment-full size-full\" alt=\"\" \/><\/a><\/div>\n\n<div class=\"carousel-slider__item\">\n\t<img loading=\"lazy\" decoding=\"async\" width=\"190\" height=\"122\" src=\"https:\/\/kanel.ee\/wp-content\/uploads\/2018\/06\/partner17.jpg\" class=\"attachment-full size-full\" alt=\"\" \/><\/a><\/div>\n\n<div class=\"carousel-slider__item\">\n\t<img loading=\"lazy\" decoding=\"async\" width=\"195\" height=\"122\" src=\"https:\/\/kanel.ee\/wp-content\/uploads\/2018\/06\/partner16.jpg\" class=\"attachment-full size-full\" alt=\"\" \/><\/a><\/div>\n\n<div class=\"carousel-slider__item\">\n\t<img loading=\"lazy\" decoding=\"async\" width=\"241\" height=\"122\" src=\"https:\/\/kanel.ee\/wp-content\/uploads\/2018\/06\/partner14.jpg\" class=\"attachment-full size-full\" alt=\"\" \/><\/a><\/div>\n\n<div class=\"carousel-slider__item\">\n\t<img loading=\"lazy\" decoding=\"async\" width=\"198\" height=\"122\" src=\"https:\/\/kanel.ee\/wp-content\/uploads\/2018\/06\/partner15.jpg\" class=\"attachment-full size-full\" alt=\"\" \/><\/a><\/div>\n\n<div class=\"carousel-slider__item\">\n\t<img loading=\"lazy\" decoding=\"async\" width=\"146\" height=\"122\" src=\"https:\/\/kanel.ee\/wp-content\/uploads\/2018\/06\/partner13.jpg\" class=\"attachment-full size-full\" alt=\"\" \/><\/a><\/div>\n\n<div class=\"carousel-slider__item\">\n\t<img loading=\"lazy\" decoding=\"async\" width=\"122\" height=\"122\" src=\"https:\/\/kanel.ee\/wp-content\/uploads\/2018\/06\/partner12.jpg\" class=\"attachment-full size-full\" alt=\"\" \/><\/a><\/div>\n\n<div class=\"carousel-slider__item\">\n\t<img loading=\"lazy\" decoding=\"async\" width=\"122\" height=\"122\" src=\"https:\/\/kanel.ee\/wp-content\/uploads\/2018\/06\/partner11.jpg\" class=\"attachment-full size-full\" alt=\"\" \/><\/a><\/div>\n\n<div class=\"carousel-slider__item\">\n\t<img loading=\"lazy\" decoding=\"async\" width=\"188\" height=\"122\" src=\"https:\/\/kanel.ee\/wp-content\/uploads\/2018\/06\/partner10.jpg\" class=\"attachment-full size-full\" alt=\"\" \/><\/a><\/div>\n\n<div class=\"carousel-slider__item\">\n\t<img loading=\"lazy\" decoding=\"async\" width=\"202\" height=\"122\" src=\"https:\/\/kanel.ee\/wp-content\/uploads\/2018\/06\/partner9.jpg\" class=\"attachment-full size-full\" alt=\"\" \/><\/a><\/div>\n\n<div class=\"carousel-slider__item\">\n\t<img loading=\"lazy\" decoding=\"async\" width=\"186\" height=\"122\" src=\"https:\/\/kanel.ee\/wp-content\/uploads\/2018\/06\/partner8.jpg\" class=\"attachment-full size-full\" alt=\"\" \/><\/a><\/div>\n\n<div class=\"carousel-slider__item\">\n\t<img loading=\"lazy\" decoding=\"async\" width=\"264\" height=\"122\" src=\"https:\/\/kanel.ee\/wp-content\/uploads\/2018\/06\/partner7.jpg\" class=\"attachment-full size-full\" alt=\"\" \/><\/a><\/div>\n\n<div class=\"carousel-slider__item\">\n\t<img loading=\"lazy\" decoding=\"async\" width=\"292\" height=\"122\" src=\"https:\/\/kanel.ee\/wp-content\/uploads\/2018\/06\/partner6.jpg\" class=\"attachment-full size-full\" alt=\"\" \/><\/a><\/div>\n\n<div class=\"carousel-slider__item\">\n\t<img loading=\"lazy\" decoding=\"async\" width=\"245\" height=\"122\" src=\"https:\/\/kanel.ee\/wp-content\/uploads\/2018\/06\/partner5.jpg\" class=\"attachment-full size-full\" alt=\"\" \/><\/a><\/div>\n\n<div class=\"carousel-slider__item\">\n\t<img loading=\"lazy\" decoding=\"async\" width=\"123\" height=\"122\" src=\"https:\/\/kanel.ee\/wp-content\/uploads\/2018\/06\/partner4.jpg\" class=\"attachment-full size-full\" alt=\"\" \/><\/a><\/div>\n\n<div class=\"carousel-slider__item\">\n\t<img loading=\"lazy\" decoding=\"async\" width=\"257\" height=\"122\" src=\"https:\/\/kanel.ee\/wp-content\/uploads\/2018\/06\/partner3.jpg\" class=\"attachment-full size-full\" alt=\"\" \/><\/a><\/div>\n\n<div class=\"carousel-slider__item\">\n\t<img loading=\"lazy\" decoding=\"async\" width=\"171\" height=\"122\" src=\"https:\/\/kanel.ee\/wp-content\/uploads\/2018\/06\/partner2.jpg\" class=\"attachment-full size-full\" alt=\"\" \/><\/a><\/div>\n\n<div class=\"carousel-slider__item\">\n\t<img loading=\"lazy\" decoding=\"async\" width=\"221\" height=\"122\" src=\"https:\/\/kanel.ee\/wp-content\/uploads\/2018\/06\/partner1.jpg\" class=\"attachment-full size-full\" alt=\"\" \/><\/a><\/div>\n\n<\/div><!-- .carousel-slider-1680 -->\n<\/div><!-- .carousel-slider-outer-1680 -->\n<div class=\"vc_separator wpb_content_element vc_separator_align_center vc_sep_width_100 vc_sep_shadow vc_sep_border_width_4 vc_sep_pos_align_center vc_separator_no_text vc_sep_color_grey vc_custom_1530651941937  vc_custom_1530651941937\" ><span class=\"vc_sep_holder vc_sep_holder_l\"><span  class=\"vc_sep_line\"><\/span><\/span><span class=\"vc_sep_holder vc_sep_holder_r\"><span  class=\"vc_sep_line\"><\/span><\/span>\n<\/div><\/div><\/div><\/div><\/div><div class=\"vc_row wpb_row vc_row-fluid vc_custom_1462822508532 vc_row-o-equal-height vc_row-flex\"><div class=\"wpb_column vc_column_container vc_col-sm-8 vc_col-lg-offset-2 vc_col-md-offset-2 vc_col-sm-offset-2\"><div class=\"vc_column-inner\"><div class=\"wpb_wrapper\"><div id=\"ultimate-heading-212969def0ae8fe17\" class=\"uvc-heading ult-adjust-bottom-margin ultimate-heading-212969def0ae8fe17 uvc-9758  uvc-heading-default-font-sizes\" data-hspacer=\"no_spacer\"  data-halign=\"center\" style=\"text-align:center\"><div class=\"uvc-heading-spacer no_spacer\" style=\"top\"><\/div><div class=\"uvc-main-heading ult-responsive\"  data-ultimate-target='.uvc-heading.ultimate-heading-212969def0ae8fe17 h1'  data-responsive-json-new='{\"font-size\":\"\",\"line-height\":\"\"}' ><h1 style=\"font-weight:bold;\">Miksi valita KANEL?<\/h1><\/div><div class=\"uvc-sub-heading ult-responsive\"  data-ultimate-target='.uvc-heading.ultimate-heading-212969def0ae8fe17 .uvc-sub-heading '  data-responsive-json-new='{\"font-size\":\"desktop:18px;\",\"line-height\":\"desktop:28px;\"}'  style=\"font-weight:normal;color:#9a9a9a;margin-top:20px;margin-bottom:60px;\"><\/p>\n<p style=\"text-align: center;\"><strong>KANELektrikin motto on: vastuullinen korjaus laadukkailla varaosilla eritt\u00e4in kohtuulliseen hintaan<\/strong><\/p>\n<p><\/div><\/div><\/div><\/div><\/div><div class=\"wpb_column vc_column_container vc_col-sm-4\"><div class=\"vc_column-inner\"><div class=\"wpb_wrapper\"><div class=\"aio-icon-component    style_1\"><div id=\"Info-box-wrap-1005\" class=\"aio-icon-box left-icon\" style=\"\"  ><div class=\"aio-icon-left\"><div class=\"ult-just-icon-wrapper\"><div class=\"align-icon\" style=\"text-align:center;\">\n<div class=\"aio-icon none\"  style=\"color:#333;font-size:32px;display:inline-block;\">\n\t<i class=\"Defaults-check\"><\/i>\n<\/div><\/div><\/div><\/div><div class=\"aio-ibd-block\"><div class=\"aio-icon-header\" ><h3 class=\"aio-icon-title ult-responsive\"  data-ultimate-target='#Info-box-wrap-1005 .aio-icon-title'  data-responsive-json-new='{\"font-size\":\"\",\"line-height\":\"\"}'  style=\"\">Palvelun laatu<\/h3><\/div> <!-- header --><div class=\"aio-icon-description ult-responsive\"  data-ultimate-target='#Info-box-wrap-1005 .aio-icon-description'  data-responsive-json-new='{\"font-size\":\"\",\"line-height\":\"\"}'  style=\"\">Jos valitset KANEL O\u00dc: n kumppaniksi, et varmasti menet\u00e4 laatua, mutta voitat aikaa ja rahaa.<\/div> <!-- description --><\/div> <!-- aio-ibd-block --><\/div> <!-- aio-icon-box --><\/div> <!-- aio-icon-component --><\/div><\/div><\/div><div class=\"wpb_column vc_column_container vc_col-sm-4\"><div class=\"vc_column-inner\"><div class=\"wpb_wrapper\"><div class=\"aio-icon-component    style_1\"><div id=\"Info-box-wrap-6132\" class=\"aio-icon-box left-icon\" style=\"\"  ><div class=\"aio-icon-left\"><div class=\"ult-just-icon-wrapper\"><div class=\"align-icon\" style=\"text-align:center;\">\n<div class=\"aio-icon none\"  style=\"color:#333;font-size:32px;display:inline-block;\">\n\t<i class=\"Defaults-shopping-cart\"><\/i>\n<\/div><\/div><\/div><\/div><div class=\"aio-ibd-block\"><div class=\"aio-icon-header\" ><h3 class=\"aio-icon-title ult-responsive\"  data-ultimate-target='#Info-box-wrap-6132 .aio-icon-title'  data-responsive-json-new='{\"font-size\":\"\",\"line-height\":\"\"}'  style=\"\">Varaosien saatavuus<\/h3><\/div> <!-- header --><div class=\"aio-icon-description ult-responsive\"  data-ultimate-target='#Info-box-wrap-6132 .aio-icon-description'  data-responsive-json-new='{\"font-size\":\"\",\"line-height\":\"\"}'  style=\"\">paikan p\u00e4\u00e4ll\u00e4 olevat ja modernit diagnostiikkaty\u00f6kalut ja p\u00e4\u00e4llik\u00f6iden kokemus antavat meille mahdollisuuden korjata rikkoutuneet laitteesi nopeasti ja hyvin<\/div> <!-- description --><\/div> <!-- aio-ibd-block --><\/div> <!-- aio-icon-box --><\/div> <!-- aio-icon-component --><\/div><\/div><\/div><div class=\"wpb_column vc_column_container vc_col-sm-4\"><div class=\"vc_column-inner\"><div class=\"wpb_wrapper\"><div class=\"aio-icon-component    style_1\"><div id=\"Info-box-wrap-1794\" class=\"aio-icon-box left-icon\" style=\"\"  ><div class=\"aio-icon-left\"><div class=\"ult-just-icon-wrapper\"><div class=\"align-icon\" style=\"text-align:center;\">\n<div class=\"aio-icon none\"  style=\"color:#333;font-size:32px;display:inline-block;\">\n\t<i class=\"Defaults-refresh\"><\/i>\n<\/div><\/div><\/div><\/div><div class=\"aio-ibd-block\"><div class=\"aio-icon-header\" ><h3 class=\"aio-icon-title ult-responsive\"  data-ultimate-target='#Info-box-wrap-1794 .aio-icon-title'  data-responsive-json-new='{\"font-size\":\"\",\"line-height\":\"\"}'  style=\"\">K\u00e4ytetyt osat<\/h3><\/div> <!-- header --><div class=\"aio-icon-description ult-responsive\"  data-ultimate-target='#Info-box-wrap-1794 .aio-icon-description'  data-responsive-json-new='{\"font-size\":\"\",\"line-height\":\"\"}'  style=\"\">Tarjoamme asiakkaan pyynn\u00f6st\u00e4 mahdollisuuden valita korjaukseen k\u00e4ytetyt varaosat, jotka ovat kuitenkin t\u00e4ysin luotettavia, kuten staattori, roottori, kotelo jne.), Joiden hinta on useita kertoja halvempi kuin uuden varaosan kanssa.<\/div> <!-- description --><\/div> <!-- aio-ibd-block --><\/div> <!-- aio-icon-box --><\/div> <!-- aio-icon-component --><\/div><\/div><\/div><\/div><div data-vc-full-width=\"true\" data-vc-full-width-init=\"false\" class=\"vc_row wpb_row vc_row-fluid vc_custom_1471297632374 vc_row-has-fill vc_row-o-equal-height vc_row-o-content-middle vc_row-flex\"><div class=\"wpb_column vc_column_container vc_col-sm-12 vc_col-lg-8 vc_col-md-8 vc_col-xs-12\"><div class=\"vc_column-inner\"><div class=\"wpb_wrapper\"><div class=\"vc_row wpb_row vc_inner vc_row-fluid\"><div class=\"wpb_column vc_column_container vc_col-sm-12 vc_hidden-sm vc_hidden-xs\"><div class=\"vc_column-inner\"><div class=\"wpb_wrapper\"><div id=\"ultimate-heading-625569def0ae9033c\" class=\"uvc-heading ult-adjust-bottom-margin ultimate-heading-625569def0ae9033c uvc-4487\" data-hspacer=\"no_spacer\"  data-halign=\"left\" style=\"text-align:left\"><div class=\"uvc-heading-spacer no_spacer\" style=\"top\"><\/div><div class=\"uvc-main-heading ult-responsive\"  data-ultimate-target='.uvc-heading.ultimate-heading-625569def0ae9033c h2'  data-responsive-json-new='{\"font-size\":\"desktop:30px;\",\"line-height\":\"desktop:40px;\"}' ><h2 style=\"--font-weight:theme;color:#ffffff;margin-bottom:10px;\">Paljonko korjaus maksaa? Kauanko se kest\u00e4\u00e4?<\/h2><\/div><div class=\"uvc-sub-heading ult-responsive\"  data-ultimate-target='.uvc-heading.ultimate-heading-625569def0ae9033c .uvc-sub-heading '  data-responsive-json-new='{\"font-size\":\"desktop:17px;\",\"line-height\":\"desktop:27px;\"}'  style=\"font-weight:normal;color:#ffffff;\">Emme voi vastata n\u00e4ihin kahteen useimmin kysyttyyn kysymykseen, koska emme halua, vaan siksi, ett\u00e4 emme voi vikata laitetta puhelimitse n\u00e4kem\u00e4tt\u00e4 laitetta. Joskus voi olla tarpeen k\u00e4ytt\u00e4\u00e4 erityislaitteita vian havaitsemiseksi, mik\u00e4 voi vied\u00e4 hieman kauemmin. Yleens\u00e4 yrit\u00e4mme korjata laitteesi 1\u20132 tunnin sis\u00e4ll\u00e4 tai \u00e4\u00e4rimm\u00e4isiss\u00e4 tapauksissa palautamme korjatun yksik\u00f6n ainakin samana p\u00e4iv\u00e4n\u00e4.<\/div><\/div><\/div><\/div><\/div><\/div><div class=\"vc_row wpb_row vc_inner vc_row-fluid\"><div class=\"wpb_column vc_column_container vc_col-sm-12 vc_hidden-lg vc_hidden-md\"><div class=\"vc_column-inner\"><div class=\"wpb_wrapper\"><div id=\"ultimate-heading-857669def0ae9044b\" class=\"uvc-heading ult-adjust-bottom-margin ultimate-heading-857669def0ae9044b uvc-9997\" data-hspacer=\"no_spacer\"  data-halign=\"center\" style=\"text-align:center\"><div class=\"uvc-heading-spacer no_spacer\" style=\"top\"><\/div><div class=\"uvc-main-heading ult-responsive\"  data-ultimate-target='.uvc-heading.ultimate-heading-857669def0ae9044b h2'  data-responsive-json-new='{\"font-size\":\"desktop:30px;\",\"line-height\":\"desktop:40px;\"}' ><h2 style=\"--font-weight:theme;color:#ffffff;margin-bottom:10px;\">Paljonko korjaus maksaa? Kauanko se kest\u00e4\u00e4?<\/h2><\/div><div class=\"uvc-sub-heading ult-responsive\"  data-ultimate-target='.uvc-heading.ultimate-heading-857669def0ae9044b .uvc-sub-heading '  data-responsive-json-new='{\"font-size\":\"desktop:17px;\",\"line-height\":\"desktop:27px;\"}'  style=\"font-weight:normal;color:#ffffff;\">Emme voi vastata n\u00e4ihin kahteen useimmin kysyttyyn kysymykseen, koska emme halua, vaan siksi, ett\u00e4 emme voi vikata laitetta puhelimitse n\u00e4kem\u00e4tt\u00e4 laitetta. Joskus voi olla tarpeen k\u00e4ytt\u00e4\u00e4 erityislaitteita vian havaitsemiseksi, mik\u00e4 voi vied\u00e4 hieman kauemmin. Yleens\u00e4 yrit\u00e4mme korjata laitteesi 1\u20132 tunnin sis\u00e4ll\u00e4 tai \u00e4\u00e4rimm\u00e4isiss\u00e4 tapauksissa palautamme korjatun yksik\u00f6n ainakin samana p\u00e4iv\u00e4n\u00e4.<\/div><\/div><div class=\"vc_custom_1530646623981 ubtn-ctn-center\"><a class=\"ubtn-link ult-adjust-bottom-margin ubtn-center ubtn-custom\" href=\"http:\/\/kanel.ee\/fi\/kontakty\/\" ><button type=\"button\" id=\"ubtn-8427\"  class=\"ubtn ult-adjust-bottom-margin ult-responsive ubtn-custom ubtn-fade-bg  none  ubtn-center   tooltip-69def0ae90464\"  data-hover=\"#28a7fb\" data-border-color=\"rgba(255,255,255,0.4)\" data-bg=\"rgba(255,255,255,0.01)\" data-hover-bg=\"#ffffff\" data-border-hover=\"#ffffff\" data-shadow-hover=\"\" data-shadow-click=\"none\" data-shadow=\"\" data-shd-shadow=\"\"  data-ultimate-target='#ubtn-8427'  data-responsive-json-new='{\"font-size\":\"desktop:18px;\",\"line-height\":\"desktop:18px;\"}'  style=\"font-family:&#039;Montserrat&#039;;font-weight:700;width:px;min-height:38px;padding:15px 25px;border-radius:0px;border-width:4px;border-color:rgba(255,255,255,0.4);border-style:solid;background: rgba(255,255,255,0.01);color: #ffffff;\"><span class=\"ubtn-hover\" style=\"background-color:#ffffff\"><\/span><span class=\"ubtn-data ubtn-text\" >Yhteystietomme<\/span><\/button><\/a><\/div><\/div><\/div><\/div><\/div><\/div><\/div><\/div><div class=\"wpb_column vc_column_container vc_col-sm-12 vc_col-lg-4 vc_col-md-4 vc_hidden-sm vc_col-xs-12 vc_hidden-xs\"><div class=\"vc_column-inner\"><div class=\"wpb_wrapper\"><div class=\"vc_custom_1530646615333 ubtn-ctn-right\"><a class=\"ubtn-link ult-adjust-bottom-margin ubtn-right ubtn-custom\" href=\"http:\/\/kanel.ee\/fi\/kontakty\/\" ><button type=\"button\" id=\"ubtn-7786\"  class=\"ubtn ult-adjust-bottom-margin ult-responsive ubtn-custom ubtn-fade-bg  none  ubtn-right   tooltip-69def0ae90544\"  data-hover=\"#28a7fb\" data-border-color=\"rgba(255,255,255,0.4)\" data-bg=\"rgba(255,255,255,0.01)\" data-hover-bg=\"#ffffff\" data-border-hover=\"#ffffff\" data-shadow-hover=\"\" data-shadow-click=\"none\" data-shadow=\"\" data-shd-shadow=\"\"  data-ultimate-target='#ubtn-7786'  data-responsive-json-new='{\"font-size\":\"desktop:20px;\",\"line-height\":\"desktop:20px;\"}'  style=\"font-family:&#039;Montserrat&#039;;font-weight:700;width:px;min-height:38px;padding:15px 25px;border-radius:0px;border-width:4px;border-color:rgba(255,255,255,0.4);border-style:solid;background: rgba(255,255,255,0.01);color: #ffffff;\"><span class=\"ubtn-hover\" style=\"background-color:#ffffff\"><\/span><span class=\"ubtn-data ubtn-text\" >Yhteystietomme!<\/span><\/button><\/a><\/div><\/div><\/div><\/div><\/div><div class=\"vc_row-full-width vc_clearfix\"><\/div><div class=\"vc_row wpb_row vc_row-fluid vc_custom_1530817674706\"><div class=\"wpb_column vc_column_container vc_col-sm-12\"><div class=\"vc_column-inner\"><div class=\"wpb_wrapper\">\n\t<div  class=\"wpb_single_image wpb_content_element vc_align_center\">\n\t\t\n\t\t<figure class=\"wpb_wrapper vc_figure\">\n\t\t\t<div class=\"vc_single_image-wrapper vc_box_shadow_border  vc_box_border_grey\"><img loading=\"lazy\" decoding=\"async\" width=\"1000\" height=\"402\" src=\"https:\/\/kanel.ee\/wp-content\/uploads\/2018\/06\/starter-generator.jpg\" class=\"vc_single_image-img attachment-full\" alt=\"\" title=\"starter-generator\" srcset=\"https:\/\/kanel.ee\/wp-content\/uploads\/2018\/06\/starter-generator.jpg 1000w, https:\/\/kanel.ee\/wp-content\/uploads\/2018\/06\/starter-generator-300x121.jpg 300w, https:\/\/kanel.ee\/wp-content\/uploads\/2018\/06\/starter-generator-768x309.jpg 768w\" sizes=\"auto, (max-width: 1000px) 100vw, 1000px\"  data-dt-location=\"https:\/\/kanel.ee\/fi\/home\/attachment\/starter-generator\/\" \/><\/div>\n\t\t<\/figure>\n\t<\/div>\n<\/div><\/div><\/div><\/div>","protected":false},"excerpt":{"rendered":"<p>Meie tarnijateks on j\u00e4rgmised juhtivad tootjad Miks kindlasti valida just KANEL? KANELektrik\u2019u moto on: vastutustundlik remont kvaliteetsete varuosadega v\u00e4ga m\u00f5istliku hinnaga Teenuse kvaliteet kui valite partneriks KANEL O\u00dc, siis te kindlasti ei kaota kvaliteedis, aga v\u00f5idate ajas ja rahas. Varuosade olemasolu kohapeal ja kaasaegsed dignostikasedmed ning meistrite kogemused v\u00f5imaldavad meil ruttu ja h\u00e4sti teostada teie&hellip;<\/p>","protected":false},"author":1,"featured_media":0,"parent":0,"menu_order":0,"comment_status":"closed","ping_status":"closed","template":"","meta":{"footnotes":""},"class_list":["post-1523","page","type-page","status-publish","hentry","description-off"],"_links":{"self":[{"href":"https:\/\/kanel.ee\/fi\/wp-json\/wp\/v2\/pages\/1523","targetHints":{"allow":["GET"]}}],"collection":[{"href":"https:\/\/kanel.ee\/fi\/wp-json\/wp\/v2\/pages"}],"about":[{"href":"https:\/\/kanel.ee\/fi\/wp-json\/wp\/v2\/types\/page"}],"author":[{"embeddable":true,"href":"https:\/\/kanel.ee\/fi\/wp-json\/wp\/v2\/users\/1"}],"replies":[{"embeddable":true,"href":"https:\/\/kanel.ee\/fi\/wp-json\/wp\/v2\/comments?post=1523"}],"version-history":[{"count":54,"href":"https:\/\/kanel.ee\/fi\/wp-json\/wp\/v2\/pages\/1523\/revisions"}],"predecessor-version":[{"id":1756,"href":"https:\/\/kanel.ee\/fi\/wp-json\/wp\/v2\/pages\/1523\/revisions\/1756"}],"wp:attachment":[{"href":"https:\/\/kanel.ee\/fi\/wp-json\/wp\/v2\/media?parent=1523"}],"curies":[{"name":"wp","href":"https:\/\/api.w.org\/{rel}","templated":true}]}}