{"id":1548,"date":"2018-07-04T15:28:16","date_gmt":"2018-07-04T15:28:16","guid":{"rendered":"http:\/\/kanel.ee\/?page_id=1548"},"modified":"2018-07-16T13:58:45","modified_gmt":"2018-07-16T13:58:45","slug":"ettevotest","status":"publish","type":"page","link":"https:\/\/kanel.ee\/en\/ettevotest\/","title":{"rendered":"About us"},"content":{"rendered":"<div class=\"vc_row wpb_row vc_row-fluid\"><div class=\"wpb_column vc_column_container vc_col-sm-6\"><div class=\"vc_column-inner vc_custom_1530299336997\"><div class=\"wpb_wrapper\">\n\t<div  class=\"wpb_single_image wpb_content_element vc_align_center\">\n\t\t\n\t\t<figure class=\"wpb_wrapper vc_figure\">\n\t\t\t<div class=\"vc_single_image-wrapper vc_box_rounded  vc_box_border_grey\"><img loading=\"lazy\" decoding=\"async\" width=\"1000\" height=\"720\" src=\"https:\/\/kanel.ee\/wp-content\/uploads\/2018\/06\/onas5_com.jpg\" class=\"vc_single_image-img attachment-full\" alt=\"\" title=\"onas5_com\" srcset=\"https:\/\/kanel.ee\/wp-content\/uploads\/2018\/06\/onas5_com.jpg 1000w, https:\/\/kanel.ee\/wp-content\/uploads\/2018\/06\/onas5_com-300x216.jpg 300w, https:\/\/kanel.ee\/wp-content\/uploads\/2018\/06\/onas5_com-768x553.jpg 768w\" sizes=\"auto, (max-width: 1000px) 100vw, 1000px\"  data-dt-location=\"https:\/\/kanel.ee\/en\/o-nas\/attachment\/onas5_com\/\" \/><\/div>\n\t\t<\/figure>\n\t<\/div>\n<\/div><\/div><\/div><div class=\"wpb_column vc_column_container vc_col-sm-6 vc_col-has-fill\"><div class=\"vc_column-inner vc_custom_1530299346404\"><div class=\"wpb_wrapper\">\n\t<div class=\"wpb_text_column wpb_content_element\" >\n\t\t<div class=\"wpb_wrapper\">\n\t\t\t<p style=\"text-align: justify;\" class=\"translation-block\">The history of our company begins in 1998. Then the workshop was on the way to St. Petersburg, as it was customary to say \"under the lever\" or \"next to the cold store\". Later, we operated in the same territory in the courtyard on the second floor. <br>\nNow we have moved to a new place at Lennujaama tee 5, where we have a decent workshop to \"revive\" several machines at once. <br>\nWe have improved the quality of our service throughout our existence. <br>\nWe have expanded our spare parts warehouse, offering new services such as equipment removal and installation, and car electrical work. <br>\nWe develop, learn and keep up to date with all the current developments and innovations in the global automotive industry, generally \"keeping our hands on the pulse.\" <br>\nWe are the first workshop in Estonia to use a special device for testing voltage regulating alternators using COM protocols BSD (Bit Serial Device), BSS (Bit Synchronized Signal) and LIN (Local Connocet Network). <br>\nBut at the same time, with the greatest pleasure and diligence, we restore and bring to life the alternators and starters of cars manufactured in the 1940s and 1950s.<\/p>\n\n\t\t<\/div>\n\t<\/div>\n<\/div><\/div><\/div><\/div><div class=\"vc_row wpb_row vc_row-fluid vc_custom_1530214828586\"><div class=\"wpb_column vc_column_container vc_col-sm-12\"><div class=\"vc_column-inner\"><div class=\"wpb_wrapper\"><div class=\"vc_separator wpb_content_element vc_separator_align_center vc_sep_width_100 vc_sep_border_width_3 vc_sep_pos_align_center vc_separator_no_text vc_sep_color_grey  wpb_animate_when_almost_visible wpb_fadeInUp fadeInUp wpb_animate_when_almost_visible wpb_fadeInUp fadeInUp\" ><span class=\"vc_sep_holder vc_sep_holder_l\"><span  class=\"vc_sep_line\"><\/span><\/span><span class=\"vc_sep_holder vc_sep_holder_r\"><span  class=\"vc_sep_line\"><\/span><\/span>\n<\/div><\/div><\/div><\/div><\/div><div class=\"vc_row wpb_row vc_row-fluid\"><div class=\"wpb_column vc_column_container vc_col-sm-12\"><div class=\"vc_column-inner\"><div class=\"wpb_wrapper\">\n\t<div class=\"wpb_text_column wpb_content_element\" >\n\t\t<div class=\"wpb_wrapper\">\n\t\t\t<p style=\"text-align: justify;\" class=\"translation-block\">If you choose KANEL O\u00dc as a partner, you will definitely not lose in quality, but you will save time and money. <br>\nIt's no secret that the repair price in car dealerships can many times exceed the actual repair price of a starter or alternator. In most cases, you will be offered a replacement of the unit \/ unit, not a repair, and the original unit will be replaced with a category B unit. Most Category B aggregates are not exact copies of the originals, but only externally similar clones. <br>\nThe choice, of course, is yours to make!\nTherefore, it is the optimal choice to contact the workshop KANEL, which specializes in the repair of alternators and starters, where all the necessary components are available on site for fast, high-quality and affordable repairs. Spare parts from top manufacturers and modern diagnostic tools and the experience of craftsmen allow us to quickly and well repair your broken equipment. In only about 3% of cases is repair not economically viable. <br>\nIn this case, we will offer you a refurbished original of the desired device \/ unit, the original or at least an equivalent category B device, the long-term work of which we ourselves believe in experience. <br>\nAt the customer's request, if ordering original spare parts takes a lot of time or due to the price it is not practical to use new parts, we offer the opportunity to choose repaired, but completely reliable, spare parts such as stator, rotor, housings, etc.).<\/p>\n<p style=\"text-align: justify;\">Such a need may also arise when spare parts for an old device are no longer sold or, conversely, spare parts for a relatively new device are not yet sold at retail.<\/p>\n\n\t\t<\/div>\n\t<\/div>\n<\/div><\/div><\/div><\/div><div class=\"vc_row wpb_row vc_row-fluid vc_custom_1530215798350\"><div class=\"wpb_column vc_column_container vc_col-sm-12\"><div class=\"vc_column-inner\"><div class=\"wpb_wrapper\"><div class=\"vc_separator wpb_content_element vc_separator_align_center vc_sep_width_100 vc_sep_border_width_3 vc_sep_pos_align_center vc_separator_no_text vc_sep_color_grey  wpb_animate_when_almost_visible wpb_fadeInUp fadeInUp wpb_animate_when_almost_visible wpb_fadeInUp fadeInUp\" ><span class=\"vc_sep_holder vc_sep_holder_l\"><span  class=\"vc_sep_line\"><\/span><\/span><span class=\"vc_sep_holder vc_sep_holder_r\"><span  class=\"vc_sep_line\"><\/span><\/span>\n<\/div><\/div><\/div><\/div><\/div><div class=\"vc_row wpb_row vc_row-fluid\"><div class=\"wpb_column vc_column_container vc_col-sm-6\"><div class=\"vc_column-inner\"><div class=\"wpb_wrapper\">\n\t<div  class=\"wpb_single_image wpb_content_element vc_align_center  vc_custom_1530295879882\">\n\t\t\n\t\t<figure class=\"wpb_wrapper vc_figure\">\n\t\t\t<div class=\"vc_single_image-wrapper vc_box_rounded  vc_box_border_grey\"><img loading=\"lazy\" decoding=\"async\" width=\"800\" height=\"600\" src=\"https:\/\/kanel.ee\/wp-content\/uploads\/2018\/06\/about-kanel3_new.jpg\" class=\"vc_single_image-img attachment-full\" alt=\"\" title=\"about-kanel3_new\" srcset=\"https:\/\/kanel.ee\/wp-content\/uploads\/2018\/06\/about-kanel3_new.jpg 800w, https:\/\/kanel.ee\/wp-content\/uploads\/2018\/06\/about-kanel3_new-300x225.jpg 300w, https:\/\/kanel.ee\/wp-content\/uploads\/2018\/06\/about-kanel3_new-768x576.jpg 768w\" sizes=\"auto, (max-width: 800px) 100vw, 800px\"  data-dt-location=\"https:\/\/kanel.ee\/en\/o-nas\/attachment\/about-kanel3_new\/\" \/><\/div>\n\t\t<\/figure>\n\t<\/div>\n<\/div><\/div><\/div><div class=\"wpb_column vc_column_container vc_col-sm-6\"><div class=\"vc_column-inner\"><div class=\"wpb_wrapper\">\n\t<div  class=\"wpb_single_image wpb_content_element vc_align_center  vc_custom_1530295889188\">\n\t\t\n\t\t<figure class=\"wpb_wrapper vc_figure\">\n\t\t\t<div class=\"vc_single_image-wrapper vc_box_rounded  vc_box_border_grey\"><img loading=\"lazy\" decoding=\"async\" width=\"800\" height=\"597\" src=\"https:\/\/kanel.ee\/wp-content\/uploads\/2018\/06\/about-kanel1_new.jpg\" class=\"vc_single_image-img attachment-full\" alt=\"\" title=\"about-kanel1_new\" srcset=\"https:\/\/kanel.ee\/wp-content\/uploads\/2018\/06\/about-kanel1_new.jpg 800w, https:\/\/kanel.ee\/wp-content\/uploads\/2018\/06\/about-kanel1_new-300x224.jpg 300w, https:\/\/kanel.ee\/wp-content\/uploads\/2018\/06\/about-kanel1_new-768x573.jpg 768w\" sizes=\"auto, (max-width: 800px) 100vw, 800px\"  data-dt-location=\"https:\/\/kanel.ee\/en\/o-nas\/attachment\/about-kanel1_new\/\" \/><\/div>\n\t\t<\/figure>\n\t<\/div>\n<\/div><\/div><\/div><\/div>","protected":false},"excerpt":{"rendered":"<p>Meie ettev\u00f5tte ajalugu algab 1998. aastal. Siis asus t\u00f6\u00f6koda Peterburi teel, nagu oli kombeks \u00f6elda &#8220;kangialune&#8221; v\u00f5i \u201ek\u00fclmhoone k\u00f5rval\u201c. Hiljem tegutsesime samal territooriumil sisehoovis II-korrusel. N\u00fc\u00fcd oleme kolinud uude kohta Lennujaama tee 5, kus meil on korralik t\u00f6\u00f6koda mitme masina korraga \u201eelustamiseks\u201c. Oleme kogu oma eksistentsi jooksul parandanud oma teenuse kvaliteeti. Oleme suurendanud varuosade ladu,&hellip;<\/p>","protected":false},"author":1,"featured_media":0,"parent":0,"menu_order":1,"comment_status":"closed","ping_status":"closed","template":"","meta":{"footnotes":""},"class_list":["post-1548","page","type-page","status-publish","hentry","description-off"],"_links":{"self":[{"href":"https:\/\/kanel.ee\/en\/wp-json\/wp\/v2\/pages\/1548","targetHints":{"allow":["GET"]}}],"collection":[{"href":"https:\/\/kanel.ee\/en\/wp-json\/wp\/v2\/pages"}],"about":[{"href":"https:\/\/kanel.ee\/en\/wp-json\/wp\/v2\/types\/page"}],"author":[{"embeddable":true,"href":"https:\/\/kanel.ee\/en\/wp-json\/wp\/v2\/users\/1"}],"replies":[{"embeddable":true,"href":"https:\/\/kanel.ee\/en\/wp-json\/wp\/v2\/comments?post=1548"}],"version-history":[{"count":5,"href":"https:\/\/kanel.ee\/en\/wp-json\/wp\/v2\/pages\/1548\/revisions"}],"predecessor-version":[{"id":1576,"href":"https:\/\/kanel.ee\/en\/wp-json\/wp\/v2\/pages\/1548\/revisions\/1576"}],"wp:attachment":[{"href":"https:\/\/kanel.ee\/en\/wp-json\/wp\/v2\/media?parent=1548"}],"curies":[{"name":"wp","href":"https:\/\/api.w.org\/{rel}","templated":true}]}}